{"id":1557,"date":"2023-08-10T11:37:51","date_gmt":"2023-08-10T09:37:51","guid":{"rendered":"http:\/\/www.yarttattoo.cz\/?page_id=1557"},"modified":"2024-02-12T22:19:20","modified_gmt":"2024-02-12T21:19:20","slug":"ondra-ok","status":"publish","type":"page","link":"https:\/\/www.yarttattoo.cz\/en\/artists\/ondra-ok\/","title":{"rendered":"ONDRA OK"},"content":{"rendered":"","protected":false},"excerpt":{"rendered":"","protected":false},"author":1,"featured_media":0,"parent":1724,"menu_order":0,"comment_status":"closed","ping_status":"closed","template":"","meta":{"_uag_custom_page_level_css":"","footnotes":""},"acf":[],"yoast_head":"<!-- This site is optimized with the Yoast SEO plugin v21.0 - https:\/\/yoast.com\/wordpress\/plugins\/seo\/ -->\n<title>ONDRA OK &middot; Barevn\u00e9 i \u010dernob\u00edl\u00e9 realistick\u00e9 tetov\u00e1n\u00ed &middot; YART TATTOO SPACE<\/title>\n<meta name=\"description\" content=\"Ondra skv\u011ble ovl\u00e1d\u00e1 pr\u00e1ci s \u0161ed\u00fdmi, tak i barevn\u00fdmi odst\u00edny. Nejrad\u011bji m\u00e1 realistick\u00e9 motivy, kter\u00e9 si \u010dasto dolad\u00ed a p\u0159izp\u016fsob\u00ed dle sv\u00e9ho.\" \/>\n<meta name=\"robots\" content=\"index, follow, max-snippet:-1, max-image-preview:large, max-video-preview:-1\" \/>\n<link rel=\"canonical\" href=\"https:\/\/www.yarttattoo.cz\/en\/artists\/ondra-ok\/\" \/>\n<meta property=\"og:locale\" content=\"en_US\" \/>\n<meta property=\"og:type\" content=\"article\" \/>\n<meta property=\"og:title\" content=\"ONDRA OK &middot; Barevn\u00e9 i \u010dernob\u00edl\u00e9 realistick\u00e9 tetov\u00e1n\u00ed &middot; YART TATTOO SPACE\" \/>\n<meta property=\"og:description\" content=\"Ondra skv\u011ble ovl\u00e1d\u00e1 pr\u00e1ci s \u0161ed\u00fdmi, tak i barevn\u00fdmi odst\u00edny. Nejrad\u011bji m\u00e1 realistick\u00e9 motivy, kter\u00e9 si \u010dasto dolad\u00ed a p\u0159izp\u016fsob\u00ed dle sv\u00e9ho.\" \/>\n<meta property=\"og:url\" content=\"https:\/\/www.yarttattoo.cz\/en\/artists\/ondra-ok\/\" \/>\n<meta property=\"og:site_name\" content=\"YART TATTOO SPACE\" \/>\n<meta property=\"article:publisher\" content=\"https:\/\/www.facebook.com\/yarttattoospace\/\" \/>\n<meta property=\"article:modified_time\" content=\"2024-02-12T21:19:20+00:00\" \/>\n<meta property=\"og:image\" content=\"https:\/\/www.yarttattoo.cz\/wp-content\/uploads\/2023\/08\/yart_logo_full_black_small_CROP.jpg\" \/>\n\t<meta property=\"og:image:width\" content=\"787\" \/>\n\t<meta property=\"og:image:height\" content=\"512\" \/>\n\t<meta property=\"og:image:type\" content=\"image\/jpeg\" \/>\n<meta name=\"twitter:card\" content=\"summary_large_image\" \/>\n<script type=\"application\/ld+json\" class=\"yoast-schema-graph\">{\"@context\":\"https:\/\/schema.org\",\"@graph\":[{\"@type\":[\"WebPage\",\"ProfilePage\"],\"@id\":\"https:\/\/www.yarttattoo.cz\/artists\/ondra-ok\/\",\"url\":\"https:\/\/www.yarttattoo.cz\/artists\/ondra-ok\/\",\"name\":\"ONDRA OK &middot; Barevn\u00e9 i \u010dernob\u00edl\u00e9 realistick\u00e9 tetov\u00e1n\u00ed &middot; YART TATTOO SPACE\",\"isPartOf\":{\"@id\":\"https:\/\/www.yarttattoo.cz\/#website\"},\"datePublished\":\"2023-08-10T09:37:51+00:00\",\"dateModified\":\"2024-02-12T21:19:20+00:00\",\"description\":\"Ondra skv\u011ble ovl\u00e1d\u00e1 pr\u00e1ci s \u0161ed\u00fdmi, tak i barevn\u00fdmi odst\u00edny. Nejrad\u011bji m\u00e1 realistick\u00e9 motivy, kter\u00e9 si \u010dasto dolad\u00ed a p\u0159izp\u016fsob\u00ed dle sv\u00e9ho.\",\"breadcrumb\":{\"@id\":\"https:\/\/www.yarttattoo.cz\/artists\/ondra-ok\/#breadcrumb\"},\"inLanguage\":\"en-US\",\"potentialAction\":[{\"@type\":\"ReadAction\",\"target\":[\"https:\/\/www.yarttattoo.cz\/artists\/ondra-ok\/\"]}]},{\"@type\":\"BreadcrumbList\",\"@id\":\"https:\/\/www.yarttattoo.cz\/artists\/ondra-ok\/#breadcrumb\",\"itemListElement\":[{\"@type\":\"ListItem\",\"position\":1,\"name\":\"Dom\u016f\",\"item\":\"https:\/\/www.yarttattoo.cz\/\"},{\"@type\":\"ListItem\",\"position\":2,\"name\":\"ARTISTS\",\"item\":\"https:\/\/www.yarttattoo.cz\/en\/artists\/\"},{\"@type\":\"ListItem\",\"position\":3,\"name\":\"ONDRA OK\"}]},{\"@type\":\"WebSite\",\"@id\":\"https:\/\/www.yarttattoo.cz\/#website\",\"url\":\"https:\/\/www.yarttattoo.cz\/\",\"name\":\"YART TATTOO SPACE\",\"description\":\"Pr\u00e9miov\u00e9 tetovac\u00ed studio v Praze\",\"publisher\":{\"@id\":\"https:\/\/www.yarttattoo.cz\/#organization\"},\"potentialAction\":[{\"@type\":\"SearchAction\",\"target\":{\"@type\":\"EntryPoint\",\"urlTemplate\":\"https:\/\/www.yarttattoo.cz\/?s={search_term_string}\"},\"query-input\":\"required name=search_term_string\"}],\"inLanguage\":\"en-US\"},{\"@type\":\"Organization\",\"@id\":\"https:\/\/www.yarttattoo.cz\/#organization\",\"name\":\"YART Tattoo Space\",\"url\":\"https:\/\/www.yarttattoo.cz\/\",\"logo\":{\"@type\":\"ImageObject\",\"inLanguage\":\"en-US\",\"@id\":\"https:\/\/www.yarttattoo.cz\/#\/schema\/logo\/image\/\",\"url\":\"http:\/\/www.yarttattoo.cz\/wp-content\/uploads\/2020\/07\/yart_logo_full_black_PNG.png\",\"contentUrl\":\"http:\/\/www.yarttattoo.cz\/wp-content\/uploads\/2020\/07\/yart_logo_full_black_PNG.png\",\"width\":787,\"height\":512,\"caption\":\"YART Tattoo Space\"},\"image\":{\"@id\":\"https:\/\/www.yarttattoo.cz\/#\/schema\/logo\/image\/\"},\"sameAs\":[\"https:\/\/www.facebook.com\/yarttattoospace\/\",\"http:\/\/www.instagram.com\/yart.tattoo\"]}]}<\/script>\n<!-- \/ Yoast SEO plugin. -->","yoast_head_json":{"title":"ONDRA OK &middot; Barevn\u00e9 i \u010dernob\u00edl\u00e9 realistick\u00e9 tetov\u00e1n\u00ed &middot; YART TATTOO SPACE","description":"Ondra skv\u011ble ovl\u00e1d\u00e1 pr\u00e1ci s \u0161ed\u00fdmi, tak i barevn\u00fdmi odst\u00edny. Nejrad\u011bji m\u00e1 realistick\u00e9 motivy, kter\u00e9 si \u010dasto dolad\u00ed a p\u0159izp\u016fsob\u00ed dle sv\u00e9ho.","robots":{"index":"index","follow":"follow","max-snippet":"max-snippet:-1","max-image-preview":"max-image-preview:large","max-video-preview":"max-video-preview:-1"},"canonical":"https:\/\/www.yarttattoo.cz\/en\/artists\/ondra-ok\/","og_locale":"en_US","og_type":"article","og_title":"ONDRA OK &middot; Barevn\u00e9 i \u010dernob\u00edl\u00e9 realistick\u00e9 tetov\u00e1n\u00ed &middot; YART TATTOO SPACE","og_description":"Ondra skv\u011ble ovl\u00e1d\u00e1 pr\u00e1ci s \u0161ed\u00fdmi, tak i barevn\u00fdmi odst\u00edny. Nejrad\u011bji m\u00e1 realistick\u00e9 motivy, kter\u00e9 si \u010dasto dolad\u00ed a p\u0159izp\u016fsob\u00ed dle sv\u00e9ho.","og_url":"https:\/\/www.yarttattoo.cz\/en\/artists\/ondra-ok\/","og_site_name":"YART TATTOO SPACE","article_publisher":"https:\/\/www.facebook.com\/yarttattoospace\/","article_modified_time":"2024-02-12T21:19:20+00:00","og_image":[{"width":787,"height":512,"url":"https:\/\/www.yarttattoo.cz\/wp-content\/uploads\/2023\/08\/yart_logo_full_black_small_CROP.jpg","type":"image\/jpeg"}],"twitter_card":"summary_large_image","schema":{"@context":"https:\/\/schema.org","@graph":[{"@type":["WebPage","ProfilePage"],"@id":"https:\/\/www.yarttattoo.cz\/artists\/ondra-ok\/","url":"https:\/\/www.yarttattoo.cz\/artists\/ondra-ok\/","name":"ONDRA OK &middot; Barevn\u00e9 i \u010dernob\u00edl\u00e9 realistick\u00e9 tetov\u00e1n\u00ed &middot; YART TATTOO SPACE","isPartOf":{"@id":"https:\/\/www.yarttattoo.cz\/#website"},"datePublished":"2023-08-10T09:37:51+00:00","dateModified":"2024-02-12T21:19:20+00:00","description":"Ondra skv\u011ble ovl\u00e1d\u00e1 pr\u00e1ci s \u0161ed\u00fdmi, tak i barevn\u00fdmi odst\u00edny. Nejrad\u011bji m\u00e1 realistick\u00e9 motivy, kter\u00e9 si \u010dasto dolad\u00ed a p\u0159izp\u016fsob\u00ed dle sv\u00e9ho.","breadcrumb":{"@id":"https:\/\/www.yarttattoo.cz\/artists\/ondra-ok\/#breadcrumb"},"inLanguage":"en-US","potentialAction":[{"@type":"ReadAction","target":["https:\/\/www.yarttattoo.cz\/artists\/ondra-ok\/"]}]},{"@type":"BreadcrumbList","@id":"https:\/\/www.yarttattoo.cz\/artists\/ondra-ok\/#breadcrumb","itemListElement":[{"@type":"ListItem","position":1,"name":"Dom\u016f","item":"https:\/\/www.yarttattoo.cz\/"},{"@type":"ListItem","position":2,"name":"ARTISTS","item":"https:\/\/www.yarttattoo.cz\/en\/artists\/"},{"@type":"ListItem","position":3,"name":"ONDRA OK"}]},{"@type":"WebSite","@id":"https:\/\/www.yarttattoo.cz\/#website","url":"https:\/\/www.yarttattoo.cz\/","name":"YART TATTOO SPACE","description":"Pr\u00e9miov\u00e9 tetovac\u00ed studio v Praze","publisher":{"@id":"https:\/\/www.yarttattoo.cz\/#organization"},"potentialAction":[{"@type":"SearchAction","target":{"@type":"EntryPoint","urlTemplate":"https:\/\/www.yarttattoo.cz\/?s={search_term_string}"},"query-input":"required name=search_term_string"}],"inLanguage":"en-US"},{"@type":"Organization","@id":"https:\/\/www.yarttattoo.cz\/#organization","name":"YART Tattoo Space","url":"https:\/\/www.yarttattoo.cz\/","logo":{"@type":"ImageObject","inLanguage":"en-US","@id":"https:\/\/www.yarttattoo.cz\/#\/schema\/logo\/image\/","url":"http:\/\/www.yarttattoo.cz\/wp-content\/uploads\/2020\/07\/yart_logo_full_black_PNG.png","contentUrl":"http:\/\/www.yarttattoo.cz\/wp-content\/uploads\/2020\/07\/yart_logo_full_black_PNG.png","width":787,"height":512,"caption":"YART Tattoo Space"},"image":{"@id":"https:\/\/www.yarttattoo.cz\/#\/schema\/logo\/image\/"},"sameAs":["https:\/\/www.facebook.com\/yarttattoospace\/","http:\/\/www.instagram.com\/yart.tattoo"]}]}},"uagb_featured_image_src":{"full":false,"thumbnail":false,"medium":false,"medium_large":false,"large":false,"1536x1536":false,"2048x2048":false,"trp-custom-language-flag":false},"uagb_author_info":{"display_name":"admin","author_link":"https:\/\/www.yarttattoo.cz\/en\/author\/admin\/"},"uagb_comment_info":0,"uagb_excerpt":null,"_links":{"self":[{"href":"https:\/\/www.yarttattoo.cz\/en\/wp-json\/wp\/v2\/pages\/1557"}],"collection":[{"href":"https:\/\/www.yarttattoo.cz\/en\/wp-json\/wp\/v2\/pages"}],"about":[{"href":"https:\/\/www.yarttattoo.cz\/en\/wp-json\/wp\/v2\/types\/page"}],"author":[{"embeddable":true,"href":"https:\/\/www.yarttattoo.cz\/en\/wp-json\/wp\/v2\/users\/1"}],"replies":[{"embeddable":true,"href":"https:\/\/www.yarttattoo.cz\/en\/wp-json\/wp\/v2\/comments?post=1557"}],"version-history":[{"count":1,"href":"https:\/\/www.yarttattoo.cz\/en\/wp-json\/wp\/v2\/pages\/1557\/revisions"}],"predecessor-version":[{"id":1561,"href":"https:\/\/www.yarttattoo.cz\/en\/wp-json\/wp\/v2\/pages\/1557\/revisions\/1561"}],"up":[{"embeddable":true,"href":"https:\/\/www.yarttattoo.cz\/en\/wp-json\/wp\/v2\/pages\/1724"}],"wp:attachment":[{"href":"https:\/\/www.yarttattoo.cz\/en\/wp-json\/wp\/v2\/media?parent=1557"}],"curies":[{"name":"wp","href":"https:\/\/api.w.org\/{rel}","templated":true}]}}